{"id":409,"date":"2021-08-21T10:35:58","date_gmt":"2021-08-21T10:35:58","guid":{"rendered":"https:\/\/shop.sporthilfe.ch\/produkt\/isa-hose-kurz-2\/"},"modified":"2026-02-11T18:45:28","modified_gmt":"2026-02-11T18:45:28","slug":"loungewear-pantalon-court-avec-poches-et-cordon-de-serrage","status":"publish","type":"product","link":"https:\/\/shop.sporthilfe.ch\/fr\/produkt\/loungewear-hose-kurz-mit-eingriffstaschen-und-kordel\/","title":{"rendered":"Pantalon Loungewear court avec poches et cordon de serrage"},"content":{"rendered":"<p>Hommes, mat\u00e9riau : 100% CO single jersey, couleur : gris m\u00e9lang\u00e9<\/p>\n<p>Ce pantalon court Team Suisse Collection by ISA a toutes les chances de devenir votre nouveau compagnon pr\u00e9f\u00e9r\u00e9 pour une soir\u00e9e cosy et une nuit d\u00e9contract\u00e9e. Le look moderne et intemporel fait de ce short un incontournable de votre garde-robe. Le tissu est tricot\u00e9 en Suisse et fini selon des normes de qualit\u00e9 \u00e9cologique \u00e9lev\u00e9es.<\/p>\n<p><strong>Tableau des tailles<\/strong><\/p>\n<table width=\"602\">\n<tbody>\n<tr>\n<td width=\"99\">International<\/td>\n<td width=\"69\">S<\/td>\n<td width=\"68\">M<\/td>\n<td width=\"68\">L<\/td>\n<td width=\"68\">XL<\/td>\n<td width=\"69\">XXL<\/td>\n<td width=\"68\">3XL<\/td>\n<td width=\"93\">4XL<\/td>\n<\/tr>\n<tr>\n<td width=\"99\">CH<\/td>\n<td>6<\/td>\n<td>7<\/td>\n<td>8<\/td>\n<td>9<\/td>\n<td>10<\/td>\n<td>11<\/td>\n<td>12<\/td>\n<\/tr>\n<tr>\n<td width=\"99\">A\/D<\/td>\n<td>4<\/td>\n<td>5<\/td>\n<td>6<\/td>\n<td>7<\/td>\n<td>8<\/td>\n<td>9<\/td>\n<td>10<\/td>\n<\/tr>\n<tr>\n<td width=\"99\">F\/I<\/td>\n<td>3<\/td>\n<td>4<\/td>\n<td>5<\/td>\n<td>6<\/td>\n<td>7<\/td>\n<td>8<\/td>\n<td>9<\/td>\n<\/tr>\n<tr>\n<td width=\"99\">Tailles<\/td>\n<td width=\"69\">44\/46<\/td>\n<td width=\"68\">48\/50<\/td>\n<td width=\"68\">52\/54<\/td>\n<td width=\"68\">56\/58<\/td>\n<td width=\"69\">60\/62<\/td>\n<td width=\"68\">64\/66<\/td>\n<td width=\"93\">68\/70<\/td>\n<\/tr>\n<tr>\n<td width=\"99\">Tour de poitrine en cm<\/td>\n<td width=\"69\">90-96<\/td>\n<td width=\"68\">97-103<\/td>\n<td width=\"68\">104-108<\/td>\n<td width=\"68\">109-115<\/td>\n<td width=\"69\">116-123<\/td>\n<td width=\"68\">124-131<\/td>\n<td width=\"93\">134-141<\/td>\n<\/tr>\n<tr>\n<td width=\"99\">Tour de taille en cm<\/td>\n<td width=\"69\">85-91<\/td>\n<td width=\"68\">92-100<\/td>\n<td width=\"68\">101-105<\/td>\n<td width=\"68\">106-111<\/td>\n<td width=\"69\">112-119<\/td>\n<td width=\"68\">120-126<\/td>\n<td width=\"93\">127-133<\/td>\n<\/tr>\n<tr>\n<td width=\"99\">Tour de hanches en cm<\/td>\n<td width=\"69\">98-102<\/td>\n<td width=\"68\">103-107<\/td>\n<td width=\"68\">108-113<\/td>\n<td width=\"68\">114-120<\/td>\n<td width=\"69\">121-126<\/td>\n<td width=\"68\">127-132<\/td>\n<td width=\"93\">133-139<\/td>\n<\/tr>\n<\/tbody>\n<\/table>","protected":false},"excerpt":{"rendered":"<p>&gt; Modern Fit<br \/>\n&gt; Ajustement parfait<br \/>\n&gt; Pantalon avec poches lat\u00e9rales et cordelette<\/p>","protected":false},"featured_media":854,"template":"","meta":{"ocean_post_layout":"","ocean_both_sidebars_style":"","ocean_both_sidebars_content_width":0,"ocean_both_sidebars_sidebars_width":0,"ocean_sidebar":"0","ocean_second_sidebar":"0","ocean_disable_margins":"enable","ocean_add_body_class":"","ocean_shortcode_before_top_bar":"","ocean_shortcode_after_top_bar":"","ocean_shortcode_before_header":"","ocean_shortcode_after_header":"","ocean_has_shortcode":"","ocean_shortcode_after_title":"","ocean_shortcode_before_footer_widgets":"","ocean_shortcode_after_footer_widgets":"","ocean_shortcode_before_footer_bottom":"","ocean_shortcode_after_footer_bottom":"","ocean_display_top_bar":"default","ocean_display_header":"default","ocean_header_style":"","ocean_center_header_left_menu":"0","ocean_custom_header_template":"0","ocean_custom_logo":0,"ocean_custom_retina_logo":0,"ocean_custom_logo_max_width":0,"ocean_custom_logo_tablet_max_width":0,"ocean_custom_logo_mobile_max_width":0,"ocean_custom_logo_max_height":0,"ocean_custom_logo_tablet_max_height":0,"ocean_custom_logo_mobile_max_height":0,"ocean_header_custom_menu":"0","ocean_menu_typo_font_family":"0","ocean_menu_typo_font_subset":"","ocean_menu_typo_font_size":0,"ocean_menu_typo_font_size_tablet":0,"ocean_menu_typo_font_size_mobile":0,"ocean_menu_typo_font_size_unit":"px","ocean_menu_typo_font_weight":"","ocean_menu_typo_font_weight_tablet":"","ocean_menu_typo_font_weight_mobile":"","ocean_menu_typo_transform":"","ocean_menu_typo_transform_tablet":"","ocean_menu_typo_transform_mobile":"","ocean_menu_typo_line_height":0,"ocean_menu_typo_line_height_tablet":0,"ocean_menu_typo_line_height_mobile":0,"ocean_menu_typo_line_height_unit":"","ocean_menu_typo_spacing":0,"ocean_menu_typo_spacing_tablet":0,"ocean_menu_typo_spacing_mobile":0,"ocean_menu_typo_spacing_unit":"","ocean_menu_link_color":"","ocean_menu_link_color_hover":"","ocean_menu_link_color_active":"","ocean_menu_link_background":"","ocean_menu_link_hover_background":"","ocean_menu_link_active_background":"","ocean_menu_social_links_bg":"","ocean_menu_social_hover_links_bg":"","ocean_menu_social_links_color":"","ocean_menu_social_hover_links_color":"","ocean_disable_title":"default","ocean_disable_heading":"default","ocean_post_title":"","ocean_post_subheading":"","ocean_post_title_style":"","ocean_post_title_background_color":"","ocean_post_title_background":0,"ocean_post_title_bg_image_position":"","ocean_post_title_bg_image_attachment":"","ocean_post_title_bg_image_repeat":"","ocean_post_title_bg_image_size":"","ocean_post_title_height":0,"ocean_post_title_bg_overlay":0.5,"ocean_post_title_bg_overlay_color":"","ocean_disable_breadcrumbs":"default","ocean_breadcrumbs_color":"","ocean_breadcrumbs_separator_color":"","ocean_breadcrumbs_links_color":"","ocean_breadcrumbs_links_hover_color":"","ocean_display_footer_widgets":"default","ocean_display_footer_bottom":"default","ocean_custom_footer_template":"0"},"product_brand":[],"product_cat":[34,37],"product_tag":[],"class_list":{"0":"post-409","1":"product","2":"type-product","3":"status-publish","4":"has-post-thumbnail","6":"product_cat-isa-bodywear","7":"product_cat-herren","8":"pa_groesse-xs","9":"pa_groesse-s","10":"pa_groesse-m","11":"pa_groesse-l","12":"pa_groesse-xl","13":"pa_groesse-xxl","15":"entry","16":"has-media","18":"first","19":"instock","20":"taxable","21":"shipping-taxable","22":"purchasable","23":"product-type-variable","24":"has-product-nav","25":"col","26":"span_1_of_4","27":"owp-content-center","28":"owp-thumbs-layout-horizontal","29":"owp-btn-normal","30":"owp-tabs-layout-horizontal","31":"has-no-thumbnails"},"_links":{"self":[{"href":"https:\/\/shop.sporthilfe.ch\/fr\/wp-json\/wp\/v2\/product\/409","targetHints":{"allow":["GET"]}}],"collection":[{"href":"https:\/\/shop.sporthilfe.ch\/fr\/wp-json\/wp\/v2\/product"}],"about":[{"href":"https:\/\/shop.sporthilfe.ch\/fr\/wp-json\/wp\/v2\/types\/product"}],"wp:featuredmedia":[{"embeddable":true,"href":"https:\/\/shop.sporthilfe.ch\/fr\/wp-json\/wp\/v2\/media\/854"}],"wp:attachment":[{"href":"https:\/\/shop.sporthilfe.ch\/fr\/wp-json\/wp\/v2\/media?parent=409"}],"wp:term":[{"taxonomy":"product_brand","embeddable":true,"href":"https:\/\/shop.sporthilfe.ch\/fr\/wp-json\/wp\/v2\/product_brand?post=409"},{"taxonomy":"product_cat","embeddable":true,"href":"https:\/\/shop.sporthilfe.ch\/fr\/wp-json\/wp\/v2\/product_cat?post=409"},{"taxonomy":"product_tag","embeddable":true,"href":"https:\/\/shop.sporthilfe.ch\/fr\/wp-json\/wp\/v2\/product_tag?post=409"}],"curies":[{"name":"wp","href":"https:\/\/api.w.org\/{rel}","templated":true}]}}