{"id":405,"date":"2021-08-21T10:35:58","date_gmt":"2021-08-21T10:35:58","guid":{"rendered":"https:\/\/shop.sporthilfe.ch\/produkt\/isa-panty-softbund\/"},"modified":"2026-02-28T09:18:35","modified_gmt":"2026-02-28T09:18:35","slug":"isa-panty-taille-douce","status":"publish","type":"product","link":"https:\/\/shop.sporthilfe.ch\/fr\/produkt\/isa-panty-softbund\/","title":{"rendered":"Culotte finlandaise avec ceinture souple"},"content":{"rendered":"<p>Hommes, Mat\u00e9riau : 95% CO, 5% EL Single Jersey el., Couleur : gris m\u00e9lang\u00e9<\/p>\n<p>La culotte Team Suisse Collection by ISA s'adapte parfaitement et est tr\u00e8s confortable \u00e0 porter. Le tissu l\u00e9ger et tr\u00e8s extensible s'adapte comme une seconde peau lorsque vous bougez. Gr\u00e2ce \u00e0 la longueur parfaite de la jambe, les d\u00e9rapages font partie du pass\u00e9. Les coutures plates et les finitions font de la culotte ISA un compagnon extr\u00eamement confortable. La teneur en \u00e9lasthanne assure un maintien durable de la forme et un ajustement parfait tout au long de la journ\u00e9e. Cousu au Portugal avec l'\u00e9nergie solaire 40%.<\/p>\n<p><strong>Tableau des tailles<\/strong><\/p>\n<table width=\"602\">\n<tbody>\n<tr>\n<td width=\"99\">International<\/td>\n<td width=\"69\">S<\/td>\n<td width=\"68\">M<\/td>\n<td width=\"68\">L<\/td>\n<td width=\"68\">XL<\/td>\n<td width=\"69\">XXL<\/td>\n<td width=\"68\">3XL<\/td>\n<td width=\"93\">4XL<\/td>\n<\/tr>\n<tr>\n<td width=\"99\">CH<\/td>\n<td>6<\/td>\n<td>7<\/td>\n<td>8<\/td>\n<td>9<\/td>\n<td>10<\/td>\n<td>11<\/td>\n<td>12<\/td>\n<\/tr>\n<tr>\n<td width=\"99\">A\/D<\/td>\n<td>4<\/td>\n<td>5<\/td>\n<td>6<\/td>\n<td>7<\/td>\n<td>8<\/td>\n<td>9<\/td>\n<td>10<\/td>\n<\/tr>\n<tr>\n<td width=\"99\">F\/I<\/td>\n<td>3<\/td>\n<td>4<\/td>\n<td>5<\/td>\n<td>6<\/td>\n<td>7<\/td>\n<td>8<\/td>\n<td>9<\/td>\n<\/tr>\n<tr>\n<td width=\"99\">Tailles<\/td>\n<td width=\"69\">44\/46<\/td>\n<td width=\"68\">48\/50<\/td>\n<td width=\"68\">52\/54<\/td>\n<td width=\"68\">56\/58<\/td>\n<td width=\"69\">60\/62<\/td>\n<td width=\"68\">64\/66<\/td>\n<td width=\"93\">68\/70<\/td>\n<\/tr>\n<tr>\n<td width=\"99\">Tour de poitrine en cm<\/td>\n<td width=\"69\">90-96<\/td>\n<td width=\"68\">97-103<\/td>\n<td width=\"68\">104-108<\/td>\n<td width=\"68\">109-115<\/td>\n<td width=\"69\">116-123<\/td>\n<td width=\"68\">124-131<\/td>\n<td width=\"93\">134-141<\/td>\n<\/tr>\n<tr>\n<td width=\"99\">Tour de taille en cm<\/td>\n<td width=\"69\">85-91<\/td>\n<td width=\"68\">92-100<\/td>\n<td width=\"68\">101-105<\/td>\n<td width=\"68\">106-111<\/td>\n<td width=\"69\">112-119<\/td>\n<td width=\"68\">120-126<\/td>\n<td width=\"93\">127-133<\/td>\n<\/tr>\n<tr>\n<td width=\"99\">Tour de hanches en cm<\/td>\n<td width=\"69\">98-102<\/td>\n<td width=\"68\">103-107<\/td>\n<td width=\"68\">108-113<\/td>\n<td width=\"68\">114-120<\/td>\n<td width=\"69\">121-126<\/td>\n<td width=\"68\">127-132<\/td>\n<td width=\"93\">133-139<\/td>\n<\/tr>\n<\/tbody>\n<\/table>","protected":false},"excerpt":{"rendered":"<p><strong>Pour des raisons d'hygi\u00e8ne, les slips ne peuvent pas \u00eatre retourn\u00e9s ou \u00e9chang\u00e9s.<\/strong><\/p>\n<p>&gt; jambe longue<br \/>\n&gt; avec ceinture souple<\/p>","protected":false},"featured_media":858,"template":"","meta":{"ocean_post_layout":"","ocean_both_sidebars_style":"","ocean_both_sidebars_content_width":0,"ocean_both_sidebars_sidebars_width":0,"ocean_sidebar":"0","ocean_second_sidebar":"0","ocean_disable_margins":"enable","ocean_add_body_class":"","ocean_shortcode_before_top_bar":"","ocean_shortcode_after_top_bar":"","ocean_shortcode_before_header":"","ocean_shortcode_after_header":"","ocean_has_shortcode":"","ocean_shortcode_after_title":"","ocean_shortcode_before_footer_widgets":"","ocean_shortcode_after_footer_widgets":"","ocean_shortcode_before_footer_bottom":"","ocean_shortcode_after_footer_bottom":"","ocean_display_top_bar":"default","ocean_display_header":"default","ocean_header_style":"","ocean_center_header_left_menu":"0","ocean_custom_header_template":"0","ocean_custom_logo":0,"ocean_custom_retina_logo":0,"ocean_custom_logo_max_width":0,"ocean_custom_logo_tablet_max_width":0,"ocean_custom_logo_mobile_max_width":0,"ocean_custom_logo_max_height":0,"ocean_custom_logo_tablet_max_height":0,"ocean_custom_logo_mobile_max_height":0,"ocean_header_custom_menu":"0","ocean_menu_typo_font_family":"0","ocean_menu_typo_font_subset":"","ocean_menu_typo_font_size":0,"ocean_menu_typo_font_size_tablet":0,"ocean_menu_typo_font_size_mobile":0,"ocean_menu_typo_font_size_unit":"px","ocean_menu_typo_font_weight":"","ocean_menu_typo_font_weight_tablet":"","ocean_menu_typo_font_weight_mobile":"","ocean_menu_typo_transform":"","ocean_menu_typo_transform_tablet":"","ocean_menu_typo_transform_mobile":"","ocean_menu_typo_line_height":0,"ocean_menu_typo_line_height_tablet":0,"ocean_menu_typo_line_height_mobile":0,"ocean_menu_typo_line_height_unit":"","ocean_menu_typo_spacing":0,"ocean_menu_typo_spacing_tablet":0,"ocean_menu_typo_spacing_mobile":0,"ocean_menu_typo_spacing_unit":"","ocean_menu_link_color":"","ocean_menu_link_color_hover":"","ocean_menu_link_color_active":"","ocean_menu_link_background":"","ocean_menu_link_hover_background":"","ocean_menu_link_active_background":"","ocean_menu_social_links_bg":"","ocean_menu_social_hover_links_bg":"","ocean_menu_social_links_color":"","ocean_menu_social_hover_links_color":"","ocean_disable_title":"default","ocean_disable_heading":"default","ocean_post_title":"","ocean_post_subheading":"","ocean_post_title_style":"","ocean_post_title_background_color":"","ocean_post_title_background":0,"ocean_post_title_bg_image_position":"","ocean_post_title_bg_image_attachment":"","ocean_post_title_bg_image_repeat":"","ocean_post_title_bg_image_size":"","ocean_post_title_height":0,"ocean_post_title_bg_overlay":0.5,"ocean_post_title_bg_overlay_color":"","ocean_disable_breadcrumbs":"default","ocean_breadcrumbs_color":"","ocean_breadcrumbs_separator_color":"","ocean_breadcrumbs_links_color":"","ocean_breadcrumbs_links_hover_color":"","ocean_display_footer_widgets":"default","ocean_display_footer_bottom":"default","ocean_custom_footer_template":"0"},"product_brand":[],"product_cat":[34,37],"product_tag":[],"class_list":{"0":"post-405","1":"product","2":"type-product","3":"status-publish","4":"has-post-thumbnail","6":"product_cat-isa-bodywear","7":"product_cat-herren","8":"pa_groesse-s","9":"pa_groesse-m","10":"pa_groesse-l","11":"pa_groesse-xl","12":"pa_groesse-xxl","14":"entry","15":"has-media","17":"first","18":"instock","19":"taxable","20":"shipping-taxable","21":"purchasable","22":"product-type-variable","23":"has-product-nav","24":"col","25":"span_1_of_4","26":"owp-content-center","27":"owp-thumbs-layout-horizontal","28":"owp-btn-normal","29":"owp-tabs-layout-horizontal","30":"has-no-thumbnails"},"_links":{"self":[{"href":"https:\/\/shop.sporthilfe.ch\/fr\/wp-json\/wp\/v2\/product\/405","targetHints":{"allow":["GET"]}}],"collection":[{"href":"https:\/\/shop.sporthilfe.ch\/fr\/wp-json\/wp\/v2\/product"}],"about":[{"href":"https:\/\/shop.sporthilfe.ch\/fr\/wp-json\/wp\/v2\/types\/product"}],"wp:featuredmedia":[{"embeddable":true,"href":"https:\/\/shop.sporthilfe.ch\/fr\/wp-json\/wp\/v2\/media\/858"}],"wp:attachment":[{"href":"https:\/\/shop.sporthilfe.ch\/fr\/wp-json\/wp\/v2\/media?parent=405"}],"wp:term":[{"taxonomy":"product_brand","embeddable":true,"href":"https:\/\/shop.sporthilfe.ch\/fr\/wp-json\/wp\/v2\/product_brand?post=405"},{"taxonomy":"product_cat","embeddable":true,"href":"https:\/\/shop.sporthilfe.ch\/fr\/wp-json\/wp\/v2\/product_cat?post=405"},{"taxonomy":"product_tag","embeddable":true,"href":"https:\/\/shop.sporthilfe.ch\/fr\/wp-json\/wp\/v2\/product_tag?post=405"}],"curies":[{"name":"wp","href":"https:\/\/api.w.org\/{rel}","templated":true}]}}