{"id":401,"date":"2021-08-21T10:35:58","date_gmt":"2021-08-21T10:35:58","guid":{"rendered":"https:\/\/shop.sporthilfe.ch\/produkt\/isa-bustier\/"},"modified":"2026-02-11T18:45:28","modified_gmt":"2026-02-11T18:45:28","slug":"isa-bustier","status":"publish","type":"product","link":"https:\/\/shop.sporthilfe.ch\/fr\/produkt\/isa-bustier\/","title":{"rendered":"Bustier"},"content":{"rendered":"<p>Mesdames, mat\u00e9riau : 87% Mi-Mo, 13% EL, couleur : bleu fonc\u00e9.<\/p>\n<p>Enfilez-le et sentez-vous bien, c'est le bustier Team Suisse Collection by ISA. Il associe un look intemporel \u00e0 la mode et \u00e0 la fonctionnalit\u00e9. La mati\u00e8re souple et la conception \u00e0 armatures avec bande \u00e9lastique sous la poitrine garantissent un tr\u00e8s haut niveau de confort. Le bustier enserre confortablement la poitrine, forme un beau d\u00e9collet\u00e9 et offre en m\u00eame temps un soutien optimal. Des conditions optimales pour le nouveau favori de votre tiroir \u00e0 sous-v\u00eatements ! Cousu au Portugal avec l'\u00e9nergie solaire 40%.<\/p>\n<p><strong>Tableau des tailles<\/strong><\/p>\n<table width=\"509\">\n<tbody>\n<tr>\n<td width=\"99\">International<\/td>\n<td width=\"69\">XS<\/td>\n<td width=\"68\">S<\/td>\n<td width=\"68\">M<\/td>\n<td width=\"68\">L<\/td>\n<td width=\"69\">XL<\/td>\n<td width=\"68\">XXL<\/td>\n<\/tr>\n<tr>\n<td width=\"99\">Tailles<\/td>\n<td width=\"69\">32\/34<\/td>\n<td width=\"68\">36\/38<\/td>\n<td width=\"68\">40\/42<\/td>\n<td width=\"68\">44\/46<\/td>\n<td width=\"69\">48\/50<\/td>\n<td width=\"68\">52\/54<\/td>\n<\/tr>\n<tr>\n<td width=\"99\">Tour de poitrine<\/td>\n<td width=\"69\">80-86<\/td>\n<td width=\"68\">87-94<\/td>\n<td width=\"68\">95-100<\/td>\n<td width=\"68\">101-106<\/td>\n<td width=\"69\">107-114<\/td>\n<td width=\"68\">115-125<\/td>\n<\/tr>\n<tr>\n<td width=\"99\">Tour de sous-poitrine<\/td>\n<td width=\"69\">69-74<\/td>\n<td width=\"68\">75-80<\/td>\n<td width=\"68\">81-88<\/td>\n<td width=\"68\">89-99<\/td>\n<td width=\"69\">100-110<\/td>\n<td width=\"68\">111-121<\/td>\n<\/tr>\n<tr>\n<td width=\"99\">Tour de taille<\/td>\n<td width=\"69\">64-70<\/td>\n<td width=\"68\">71-79<\/td>\n<td width=\"68\">80-89<\/td>\n<td width=\"68\">90-102<\/td>\n<td width=\"69\">103-111<\/td>\n<td width=\"68\">112-122<\/td>\n<\/tr>\n<tr>\n<td width=\"99\">Tour de hanches<\/td>\n<td width=\"69\">90-96<\/td>\n<td width=\"68\">97-104<\/td>\n<td width=\"68\">105-111<\/td>\n<td width=\"68\">112-121<\/td>\n<td width=\"69\">122-130<\/td>\n<td width=\"68\">131-140<\/td>\n<\/tr>\n<\/tbody>\n<\/table>","protected":false},"excerpt":{"rendered":"<p>&gt; Qualit\u00e9 des c\u00f4tes fines<br \/>\n&gt; avec motif imprim\u00e9<br \/>\n&gt; Se fond particuli\u00e8rement bien dans la peau<br \/>\n&gt; Tenue stable m\u00eame sans armature<\/p>","protected":false},"featured_media":850,"template":"","meta":{"ocean_post_layout":"","ocean_both_sidebars_style":"","ocean_both_sidebars_content_width":0,"ocean_both_sidebars_sidebars_width":0,"ocean_sidebar":"0","ocean_second_sidebar":"0","ocean_disable_margins":"enable","ocean_add_body_class":"","ocean_shortcode_before_top_bar":"","ocean_shortcode_after_top_bar":"","ocean_shortcode_before_header":"","ocean_shortcode_after_header":"","ocean_has_shortcode":"","ocean_shortcode_after_title":"","ocean_shortcode_before_footer_widgets":"","ocean_shortcode_after_footer_widgets":"","ocean_shortcode_before_footer_bottom":"","ocean_shortcode_after_footer_bottom":"","ocean_display_top_bar":"default","ocean_display_header":"default","ocean_header_style":"","ocean_center_header_left_menu":"0","ocean_custom_header_template":"0","ocean_custom_logo":0,"ocean_custom_retina_logo":0,"ocean_custom_logo_max_width":0,"ocean_custom_logo_tablet_max_width":0,"ocean_custom_logo_mobile_max_width":0,"ocean_custom_logo_max_height":0,"ocean_custom_logo_tablet_max_height":0,"ocean_custom_logo_mobile_max_height":0,"ocean_header_custom_menu":"0","ocean_menu_typo_font_family":"0","ocean_menu_typo_font_subset":"","ocean_menu_typo_font_size":0,"ocean_menu_typo_font_size_tablet":0,"ocean_menu_typo_font_size_mobile":0,"ocean_menu_typo_font_size_unit":"px","ocean_menu_typo_font_weight":"","ocean_menu_typo_font_weight_tablet":"","ocean_menu_typo_font_weight_mobile":"","ocean_menu_typo_transform":"","ocean_menu_typo_transform_tablet":"","ocean_menu_typo_transform_mobile":"","ocean_menu_typo_line_height":0,"ocean_menu_typo_line_height_tablet":0,"ocean_menu_typo_line_height_mobile":0,"ocean_menu_typo_line_height_unit":"","ocean_menu_typo_spacing":0,"ocean_menu_typo_spacing_tablet":0,"ocean_menu_typo_spacing_mobile":0,"ocean_menu_typo_spacing_unit":"","ocean_menu_link_color":"","ocean_menu_link_color_hover":"","ocean_menu_link_color_active":"","ocean_menu_link_background":"","ocean_menu_link_hover_background":"","ocean_menu_link_active_background":"","ocean_menu_social_links_bg":"","ocean_menu_social_hover_links_bg":"","ocean_menu_social_links_color":"","ocean_menu_social_hover_links_color":"","ocean_disable_title":"default","ocean_disable_heading":"default","ocean_post_title":"","ocean_post_subheading":"","ocean_post_title_style":"","ocean_post_title_background_color":"","ocean_post_title_background":0,"ocean_post_title_bg_image_position":"","ocean_post_title_bg_image_attachment":"","ocean_post_title_bg_image_repeat":"","ocean_post_title_bg_image_size":"","ocean_post_title_height":0,"ocean_post_title_bg_overlay":0.5,"ocean_post_title_bg_overlay_color":"","ocean_disable_breadcrumbs":"default","ocean_breadcrumbs_color":"","ocean_breadcrumbs_separator_color":"","ocean_breadcrumbs_links_color":"","ocean_breadcrumbs_links_hover_color":"","ocean_display_footer_widgets":"default","ocean_display_footer_bottom":"default","ocean_custom_footer_template":"0"},"product_brand":[],"product_cat":[34,38],"product_tag":[],"class_list":{"0":"post-401","1":"product","2":"type-product","3":"status-publish","4":"has-post-thumbnail","6":"product_cat-isa-bodywear","7":"product_cat-damen","8":"pa_groesse-xs","9":"pa_groesse-s","10":"pa_groesse-m","11":"pa_groesse-l","13":"entry","14":"has-media","16":"first","17":"instock","18":"taxable","19":"shipping-taxable","20":"purchasable","21":"product-type-variable","22":"has-product-nav","23":"col","24":"span_1_of_4","25":"owp-content-center","26":"owp-thumbs-layout-horizontal","27":"owp-btn-normal","28":"owp-tabs-layout-horizontal","29":"has-no-thumbnails"},"_links":{"self":[{"href":"https:\/\/shop.sporthilfe.ch\/fr\/wp-json\/wp\/v2\/product\/401","targetHints":{"allow":["GET"]}}],"collection":[{"href":"https:\/\/shop.sporthilfe.ch\/fr\/wp-json\/wp\/v2\/product"}],"about":[{"href":"https:\/\/shop.sporthilfe.ch\/fr\/wp-json\/wp\/v2\/types\/product"}],"wp:featuredmedia":[{"embeddable":true,"href":"https:\/\/shop.sporthilfe.ch\/fr\/wp-json\/wp\/v2\/media\/850"}],"wp:attachment":[{"href":"https:\/\/shop.sporthilfe.ch\/fr\/wp-json\/wp\/v2\/media?parent=401"}],"wp:term":[{"taxonomy":"product_brand","embeddable":true,"href":"https:\/\/shop.sporthilfe.ch\/fr\/wp-json\/wp\/v2\/product_brand?post=401"},{"taxonomy":"product_cat","embeddable":true,"href":"https:\/\/shop.sporthilfe.ch\/fr\/wp-json\/wp\/v2\/product_cat?post=401"},{"taxonomy":"product_tag","embeddable":true,"href":"https:\/\/shop.sporthilfe.ch\/fr\/wp-json\/wp\/v2\/product_tag?post=401"}],"curies":[{"name":"wp","href":"https:\/\/api.w.org\/{rel}","templated":true}]}}